{"id":7488,"date":"2021-11-19T08:55:36","date_gmt":"2021-11-19T08:55:36","guid":{"rendered":"https:\/\/www.greenflex.com\/?page_id=7488"},"modified":"2025-01-06T16:12:03","modified_gmt":"2025-01-06T16:12:03","slug":"estrategia-energia-y-reduccion-factura-energetica-actor-distribucion-alimentos","status":"publish","type":"page","link":"https:\/\/www.greenflex.com\/es\/referencias\/estrategia-energia-y-reduccion-factura-energetica-actor-distribucion-alimentos\/","title":{"rendered":"Estrategia de energ\u00eda y reducci\u00f3n de la factura energ\u00e9tica &#8211; Actor independiente de la distribuci\u00f3n al por menor de alimentos"},"content":{"rendered":"\n<section id=\"disko-component-header-projet-block_cf6fb0ee054e5177cfb18e33dbced48b\" class=\"disko-component disko-component-header-projet\">\n    <div class=\"bread-crumbs-container\">\n        <span><span><a href=\"https:\/\/www.greenflex.com\/es\/\">GreenFlex<\/a><\/span>  <span><a href=\"https:\/\/www.greenflex.com\/es\/referencias\/\">Referencias<\/a><\/span><\/span>    <\/div>\n    \n        <h1 class=\"header-title\">\n        Estrategia de energ\u00eda y reducci\u00f3n de la factura energ\u00e9tica &#8211; Actor independiente de la distribuci\u00f3n al por menor de alimentos    <\/h1>\n    <div class=\"info-header-container\">\n        <div class=\"info-item\">\n            <div class=\"info-picto-container\">\n                <img decoding=\"async\" class=\"info-picto\" src=\"\"><\/img>\n            <\/div>\n            <div class=\"info-title\">\n                Sector            <\/div>\n            <div class=\"info\">\n                <p>Distribuci\u00f3n a gran escala<\/p>\n            <\/div>\n        <\/div>\n        <div class=\"info-item\">\n            <div class=\"info-picto-container\">\n                <img decoding=\"async\" class=\"info-picto\" src=\"\"><\/img>\n            <\/div>\n            <div class=\"info-title\">\n                Experiencia movilizada            <\/div>\n            <div class=\"info\">\n                <p>Eficiencia energ\u00e9tica<br \/>\nFinanciaci\u00f3n<\/p>\n            <\/div>\n        <\/div>\n        <div class=\"info-item\">\n            <div class=\"info-picto-container\">\n                <img decoding=\"async\" class=\"info-picto\" src=\"\"><\/img>\n            <\/div>\n            <div class=\"info-title\">\n                Servicios prestados            <\/div>\n            <div class=\"info\">\n                <p>Control de la energ\u00eda<br \/>\nControl del consumo de energ\u00eda<\/p>\n            <\/div>\n        <\/div>\n    <\/div>\n<\/section>\n\n\n<section id=\"disko-component-wysiwyg-block_7bb14d374305ba01024079a0802bfc20\" class=\"disko-component disko-component-wysiwyg light\">\n    <div class=\"wysiwyg-wrapper\">\n        <h2>Desaf\u00edos en marcha<\/h2>\n<p>Con una red de m\u00e1s de 650 tiendas en Francia, nuestro cliente ha solicitado nuestra asistencia para implementar una estrategia de energ\u00eda a largo plazo y reducir de esta manera la factura promedio de sus puntos de venta en un contexto de aumento de los costes de energ\u00eda.<\/p>\n<h2>Soluci\u00f3n aportada desde 2015<\/h2>\n<p>GreenFlex ha puesto a disposici\u00f3n del cliente sus herramientas de seguimiento y de gesti\u00f3n para reducir de forma sostenible el consumo de energ\u00eda de las cadenas comerciales:<\/p>\n<ul>\n<li>Un sistema de seguimiento normativo y tecnol\u00f3gico que permite realizar un diagn\u00f3stico energ\u00e9tico, modelar el cambio y establecer buenas pr\u00e1cticas de referencia<\/li>\n<li>Despu\u00e9s de analizar la situaci\u00f3n existente, instauraci\u00f3n de un plan energ\u00e9tico gestionado por un experto de GreenFlex (negociaci\u00f3n de nuevos presupuestos de suministro de energ\u00eda con los proveedores, formaci\u00f3n de usuarios, medias de consumo energ\u00e9tico, etc.)<\/li>\n<\/ul>\n<h2>Resultados<\/h2>\n<ul>\n<li>Reducci\u00f3n del consumo en un 11% sin inversiones, repartida entre 54 medidas<\/li>\n<li>Asistencia para la selecci\u00f3n de proveedores y de nuevas tecnolog\u00edas: reducci\u00f3n del consumo en un 20%<\/li>\n<li>Financiaci\u00f3n de nuevos equipos<\/li>\n<li>Reducci\u00f3n del consumo global en un 31%, equivalente a 90.000 \u20ac por tienda y por a\u00f1o, con un potencial de ahorro para el conjunto de tiendas de 58,5 millones de euros<\/li>\n<\/ul>\n    <\/div>\n<\/section>\n\n\n\n<section id=\"disko-component-banner-block_67d01af8657e8a281ee660b1f871dd4e\" class=\"disko-component disko-component-banner section-banner green\">\n    <div class=\"line-container\">\n        <svg width=\"100%\" height=\"100%\" viewBox=\"0 0 970 472\" aria-hidden=\"true\" preserveAspectRatio=\"xMinYMin meet\" xmlns=\"http:\/\/www.w3.org\/2000\/svg\"><path d=\"M410 471c-85 0-57.034-.598-123.517-.299S202 443 201.627 390.491V246.059c0-60.246-1.335-120.492-97.47-120.492-96.134 0-102.81 53.674-102.81 107.347 0 53.674 6.676 99.68 102.81 99.68 20.488 0 704.015.407 722.843.407 97 0 140-38 140.003-92.948 4.006-13.145 0-64.052 0-96.914C967.001 112.38 967 64.667 967 0\" stroke=\"#17FA73\" fill=\"none\" fill-rule=\"evenodd\"\/><\/svg>\n    <\/div>\n    <div class=\"banner-container\">\n        <div class=\"banner-title-container\">\n            <div class=\"banner-hover-title\">Reducir sin invertir<br \/>\r\nsu consumo de energ\u00eda<\/div>\n            <div class=\"cursor\" data-bg=\"\"><\/div>\n        <\/div>\n        <p>\n            Nuestros equipos de expertos le ayudar\u00e1n        <\/p>\n                    <a href=\"https:\/\/www.greenflex.com\/es\/contacto\/\" class=\"btn btn-white\">\n                <div class=\"btn-ico\">\n                    <svg aria-hidden=\"true\" width=\"18\" height=\"15\" xmlns=\"http:\/\/www.w3.org\/2000\/svg\" xmlns:xlink=\"http:\/\/www.w3.org\/1999\/xlink\"><defs><path d=\"M11.455 2.025c-.833.73-.972 1.483-.42 2.255l4.032 4.023H.854a.863.863 0 00-.848.875c0 .483.38.876.848.876h14.213l-3.752 4.026c-.8.88-.761 1.639.114 2.275l6.332-6.557a.859.859 0 00.245-.62.86.86 0 00-.245-.62l-6.306-6.533z\" id=\"a\"\/><\/defs><use class=\"arrow-color\" fill=\"#00A880\" transform=\"rotate(-20 6.17 8.69)\" xlink:href=\"#a\" fill-rule=\"evenodd\"\/><\/svg>\n                <\/div>\n               Contacto            <\/a>\n            <\/div>\n<\/section>\n","protected":false},"excerpt":{"rendered":"","protected":false},"author":3,"featured_media":5268,"parent":5315,"menu_order":0,"comment_status":"closed","ping_status":"closed","template":"","meta":{"content-type":"","inline_featured_image":false},"sector_type":[],"offer_type":[],"acf":[],"yoast_head":"<!-- This site is optimized with the Yoast SEO Premium plugin v21.8 (Yoast SEO v21.8.1) - https:\/\/yoast.com\/wordpress\/plugins\/seo\/ -->\n<title>Estrategia de reducci\u00f3n de la factura energ\u00e9tica<\/title>\n<meta name=\"description\" content=\"Para reducir el consumo energ\u00e9tico de una red de tiendas, nuestros expertos han desplegado sus m\u00faltiples conocimientos en materia de supervisi\u00f3n y control.\" \/>\n<meta name=\"robots\" content=\"index, follow, max-snippet:-1, max-image-preview:large, max-video-preview:-1\" \/>\n<link rel=\"canonical\" href=\"https:\/\/www.greenflex.com\/es\/referencias\/estrategia-energia-y-reduccion-factura-energetica-actor-distribucion-alimentos\/\" \/>\n<meta property=\"og:locale\" content=\"es_ES\" \/>\n<meta property=\"og:type\" content=\"article\" \/>\n<meta property=\"og:title\" content=\"Estrategia de energ\u00eda y reducci\u00f3n de la factura energ\u00e9tica - Actor independiente de la distribuci\u00f3n al por menor de alimentos\" \/>\n<meta property=\"og:description\" content=\"Para reducir el consumo energ\u00e9tico de una red de tiendas, nuestros expertos han desplegado sus m\u00faltiples conocimientos en materia de supervisi\u00f3n y control.\" \/>\n<meta property=\"og:url\" content=\"https:\/\/www.greenflex.com\/es\/referencias\/estrategia-energia-y-reduccion-factura-energetica-actor-distribucion-alimentos\/\" \/>\n<meta property=\"og:site_name\" content=\"GreenFlex\" \/>\n<meta property=\"article:modified_time\" content=\"2025-01-06T16:12:03+00:00\" \/>\n<meta property=\"og:image\" content=\"https:\/\/greenflex-origin.greenshift.eu\/wp-content\/uploads\/2021\/10\/Acteur-grande-distribution-efficacite-ernergetique-GreenFlex.jpg\" \/>\n\t<meta property=\"og:image:width\" content=\"1280\" \/>\n\t<meta property=\"og:image:height\" content=\"847\" \/>\n\t<meta property=\"og:image:type\" content=\"image\/jpeg\" \/>\n<meta name=\"twitter:card\" content=\"summary_large_image\" \/>\n<meta name=\"twitter:site\" content=\"@GreenFlex\" \/>\n<meta name=\"twitter:label1\" content=\"Tiempo de lectura\" \/>\n\t<meta name=\"twitter:data1\" content=\"1 minuto\" \/>\n<script type=\"application\/ld+json\" class=\"yoast-schema-graph\">{\"@context\":\"https:\/\/schema.org\",\"@graph\":[{\"@type\":\"WebPage\",\"@id\":\"https:\/\/www.greenflex.com\/es\/referencias\/estrategia-energia-y-reduccion-factura-energetica-actor-distribucion-alimentos\/\",\"url\":\"https:\/\/www.greenflex.com\/es\/referencias\/estrategia-energia-y-reduccion-factura-energetica-actor-distribucion-alimentos\/\",\"name\":\"Estrategia de reducci\u00f3n de la factura energ\u00e9tica\",\"isPartOf\":{\"@id\":\"https:\/\/www.greenflex.com\/es\/#website\"},\"datePublished\":\"2021-11-19T08:55:36+00:00\",\"dateModified\":\"2025-01-06T16:12:03+00:00\",\"description\":\"Para reducir el consumo energ\u00e9tico de una red de tiendas, nuestros expertos han desplegado sus m\u00faltiples conocimientos en materia de supervisi\u00f3n y control.\",\"breadcrumb\":{\"@id\":\"https:\/\/www.greenflex.com\/es\/referencias\/estrategia-energia-y-reduccion-factura-energetica-actor-distribucion-alimentos\/#breadcrumb\"},\"inLanguage\":\"es\",\"potentialAction\":[{\"@type\":\"ReadAction\",\"target\":[\"https:\/\/www.greenflex.com\/es\/referencias\/estrategia-energia-y-reduccion-factura-energetica-actor-distribucion-alimentos\/\"]}]},{\"@type\":\"BreadcrumbList\",\"@id\":\"https:\/\/www.greenflex.com\/es\/referencias\/estrategia-energia-y-reduccion-factura-energetica-actor-distribucion-alimentos\/#breadcrumb\",\"itemListElement\":[{\"@type\":\"ListItem\",\"position\":1,\"name\":\"GreenFlex\",\"item\":\"https:\/\/www.greenflex.com\/es\/\"},{\"@type\":\"ListItem\",\"position\":2,\"name\":\"Referencias\",\"item\":\"https:\/\/www.greenflex.com\/es\/referencias\/\"},{\"@type\":\"ListItem\",\"position\":3,\"name\":\"Estrategia de energ\u00eda y reducci\u00f3n de la factura energ\u00e9tica &#8211; Actor independiente de la distribuci\u00f3n al por menor de alimentos\"}]},{\"@type\":\"WebSite\",\"@id\":\"https:\/\/www.greenflex.com\/es\/#website\",\"url\":\"https:\/\/www.greenflex.com\/es\/\",\"name\":\"GreenFlex\",\"description\":\"Changeons de trajectoire\",\"potentialAction\":[{\"@type\":\"SearchAction\",\"target\":{\"@type\":\"EntryPoint\",\"urlTemplate\":\"https:\/\/www.greenflex.com\/es\/?s={search_term_string}\"},\"query-input\":\"required name=search_term_string\"}],\"inLanguage\":\"es\"}]}<\/script>\n<!-- \/ Yoast SEO Premium plugin. -->","yoast_head_json":{"title":"Estrategia de reducci\u00f3n de la factura energ\u00e9tica","description":"Para reducir el consumo energ\u00e9tico de una red de tiendas, nuestros expertos han desplegado sus m\u00faltiples conocimientos en materia de supervisi\u00f3n y control.","robots":{"index":"index","follow":"follow","max-snippet":"max-snippet:-1","max-image-preview":"max-image-preview:large","max-video-preview":"max-video-preview:-1"},"canonical":"https:\/\/www.greenflex.com\/es\/referencias\/estrategia-energia-y-reduccion-factura-energetica-actor-distribucion-alimentos\/","og_locale":"es_ES","og_type":"article","og_title":"Estrategia de energ\u00eda y reducci\u00f3n de la factura energ\u00e9tica - Actor independiente de la distribuci\u00f3n al por menor de alimentos","og_description":"Para reducir el consumo energ\u00e9tico de una red de tiendas, nuestros expertos han desplegado sus m\u00faltiples conocimientos en materia de supervisi\u00f3n y control.","og_url":"https:\/\/www.greenflex.com\/es\/referencias\/estrategia-energia-y-reduccion-factura-energetica-actor-distribucion-alimentos\/","og_site_name":"GreenFlex","article_modified_time":"2025-01-06T16:12:03+00:00","og_image":[{"width":1280,"height":847,"url":"https:\/\/greenflex-origin.greenshift.eu\/wp-content\/uploads\/2021\/10\/Acteur-grande-distribution-efficacite-ernergetique-GreenFlex.jpg","type":"image\/jpeg"}],"twitter_card":"summary_large_image","twitter_site":"@GreenFlex","twitter_misc":{"Tiempo de lectura":"1 minuto"},"schema":{"@context":"https:\/\/schema.org","@graph":[{"@type":"WebPage","@id":"https:\/\/www.greenflex.com\/es\/referencias\/estrategia-energia-y-reduccion-factura-energetica-actor-distribucion-alimentos\/","url":"https:\/\/www.greenflex.com\/es\/referencias\/estrategia-energia-y-reduccion-factura-energetica-actor-distribucion-alimentos\/","name":"Estrategia de reducci\u00f3n de la factura energ\u00e9tica","isPartOf":{"@id":"https:\/\/www.greenflex.com\/es\/#website"},"datePublished":"2021-11-19T08:55:36+00:00","dateModified":"2025-01-06T16:12:03+00:00","description":"Para reducir el consumo energ\u00e9tico de una red de tiendas, nuestros expertos han desplegado sus m\u00faltiples conocimientos en materia de supervisi\u00f3n y control.","breadcrumb":{"@id":"https:\/\/www.greenflex.com\/es\/referencias\/estrategia-energia-y-reduccion-factura-energetica-actor-distribucion-alimentos\/#breadcrumb"},"inLanguage":"es","potentialAction":[{"@type":"ReadAction","target":["https:\/\/www.greenflex.com\/es\/referencias\/estrategia-energia-y-reduccion-factura-energetica-actor-distribucion-alimentos\/"]}]},{"@type":"BreadcrumbList","@id":"https:\/\/www.greenflex.com\/es\/referencias\/estrategia-energia-y-reduccion-factura-energetica-actor-distribucion-alimentos\/#breadcrumb","itemListElement":[{"@type":"ListItem","position":1,"name":"GreenFlex","item":"https:\/\/www.greenflex.com\/es\/"},{"@type":"ListItem","position":2,"name":"Referencias","item":"https:\/\/www.greenflex.com\/es\/referencias\/"},{"@type":"ListItem","position":3,"name":"Estrategia de energ\u00eda y reducci\u00f3n de la factura energ\u00e9tica &#8211; Actor independiente de la distribuci\u00f3n al por menor de alimentos"}]},{"@type":"WebSite","@id":"https:\/\/www.greenflex.com\/es\/#website","url":"https:\/\/www.greenflex.com\/es\/","name":"GreenFlex","description":"Changeons de trajectoire","potentialAction":[{"@type":"SearchAction","target":{"@type":"EntryPoint","urlTemplate":"https:\/\/www.greenflex.com\/es\/?s={search_term_string}"},"query-input":"required name=search_term_string"}],"inLanguage":"es"}]}},"_links":{"self":[{"href":"https:\/\/www.greenflex.com\/es\/wp-json\/wp\/v2\/pages\/7488"}],"collection":[{"href":"https:\/\/www.greenflex.com\/es\/wp-json\/wp\/v2\/pages"}],"about":[{"href":"https:\/\/www.greenflex.com\/es\/wp-json\/wp\/v2\/types\/page"}],"author":[{"embeddable":true,"href":"https:\/\/www.greenflex.com\/es\/wp-json\/wp\/v2\/users\/3"}],"replies":[{"embeddable":true,"href":"https:\/\/www.greenflex.com\/es\/wp-json\/wp\/v2\/comments?post=7488"}],"version-history":[{"count":1,"href":"https:\/\/www.greenflex.com\/es\/wp-json\/wp\/v2\/pages\/7488\/revisions"}],"predecessor-version":[{"id":19198,"href":"https:\/\/www.greenflex.com\/es\/wp-json\/wp\/v2\/pages\/7488\/revisions\/19198"}],"up":[{"embeddable":true,"href":"https:\/\/www.greenflex.com\/es\/wp-json\/wp\/v2\/pages\/5315"}],"wp:featuredmedia":[{"embeddable":true,"href":"https:\/\/www.greenflex.com\/es\/wp-json\/wp\/v2\/media\/5268"}],"wp:attachment":[{"href":"https:\/\/www.greenflex.com\/es\/wp-json\/wp\/v2\/media?parent=7488"}],"wp:term":[{"taxonomy":"sector_type","embeddable":true,"href":"https:\/\/www.greenflex.com\/es\/wp-json\/wp\/v2\/sector_type?post=7488"},{"taxonomy":"offer_type","embeddable":true,"href":"https:\/\/www.greenflex.com\/es\/wp-json\/wp\/v2\/offer_type?post=7488"}],"curies":[{"name":"wp","href":"https:\/\/api.w.org\/{rel}","templated":true}]}}