{"id":5315,"date":"2021-11-04T15:02:40","date_gmt":"2021-11-04T15:02:40","guid":{"rendered":"https:\/\/www.greenflex.com\/?page_id=5315"},"modified":"2022-04-01T12:41:11","modified_gmt":"2022-04-01T12:41:11","slug":"referencias","status":"publish","type":"page","link":"https:\/\/www.greenflex.com\/es\/referencias\/","title":{"rendered":"Referencias"},"content":{"rendered":"\n<section id=\"disko-component-header-simple-block_6183e3d4c519a\" class=\"disko-component disko-component-header-simple\">\n    <div class=\"header-content\">\n        <div class=\"bread-crumbs-container\">\n            <span><span><a href=\"https:\/\/www.greenflex.com\/es\/\">GreenFlex<\/a><\/span><\/span>        <\/div>\n        <h1 class=\"header-title\">\n            Referencias        <\/h1>\n        <div class=\"header-description\">\n            <p>En esta secci\u00f3n encontrar\u00e1 una selecci\u00f3n de nuestros proyectos m\u00e1s importantes<\/p>\n        <\/div>\n        <div class=\"btn-wrapper\">\n                                <\/div>\n    <\/div>\n    <\/section>\n\n\n\n<section id=\"disko-component-slider-crossnav-block_6183e45fc519f\" class=\"disko-component disko-component-slider-crossnav light-green\">\n    <div class=\"crossnav-title-container\">\n        <h2 class=\"crossnav-title\">\n          Algunos proyectos realizados      <\/h2>\n                    <div class=\"project-slider-direction\">\n             <div class=\"project-previous\">\n                 <svg width=\"16\" height=\"13\" xmlns=\"http:\/\/www.w3.org\/2000\/svg\" xmlns:xlink=\"http:\/\/www.w3.org\/1999\/xlink\">\n                  <defs>\n                    <path d=\"M10.182 1.8c-.74.65-.864 1.318-.372 2.005l3.583 3.576H.76a.767.767 0 00-.755.778c0 .429.339.778.755.778h12.633l-3.336 3.579c-.71.782-.676 1.456.102 2.022l5.629-5.828a.764.764 0 00.217-.551.764.764 0 00-.217-.551L10.182 1.8z\" id=\"y\"><\/path>\n                  <\/defs>\n                  <use transform=\"scale(1 -1) rotate(-20 -31.694 1.169)\" xlink:href=\"#y\" fill-rule=\"evenodd\"><\/use>\n                <\/svg>\n             <\/div>\n             <div class=\"project-next\">\n                 <svg width=\"16\" height=\"13\" xmlns=\"http:\/\/www.w3.org\/2000\/svg\" xmlns:xlink=\"http:\/\/www.w3.org\/1999\/xlink\">\n                  <defs>\n                    <path d=\"M10.182 1.8c-.74.65-.864 1.318-.372 2.005l3.583 3.576H.76a.767.767 0 00-.755.778c0 .429.339.778.755.778h12.633l-3.336 3.579c-.71.782-.676 1.456.102 2.022l5.629-5.828a.764.764 0 00.217-.551.764.764 0 00-.217-.551L10.182 1.8z\" id=\"y\"><\/path>\n                  <\/defs>\n                  <use transform=\"scale(1 -1) rotate(-20 -31.694 1.169)\" xlink:href=\"#y\" fill-rule=\"evenodd\"><\/use>\n                <\/svg>\n             <\/div>\n            <\/div>\n             <\/div> \n                  <div class=\"swiper slider-crossnav project\" id=\"test\">\n                <div class=\"swiper-wrapper\">\n                                                  <div class=\"swiper-slide slide-crossnav\">\n                                <a class=\"slide-crossnav-content\" href=\"https:\/\/www.greenflex.com\/es\/referencias\/renovacion-llave-equipos-frio-industrial-reborn\/\">\n                                    <span class=\"slide-crossnav-img-container\">\n                                     <img width=\"1920\" height=\"1280\" src=\"https:\/\/www.greenflex.com\/wp-content\/uploads\/2022\/03\/reborn-remplacement-groupe-froid-cle-main-greenflex.jpg\" class=\"slide-crossnav-img\" alt=\"Tubos de metal en una fabrica\" decoding=\"async\" loading=\"lazy\" sizes=\"29vw,(max-width:480px) 80vw\" srcset=\"https:\/\/www.greenflex.com\/wp-content\/uploads\/2022\/03\/reborn-remplacement-groupe-froid-cle-main-greenflex.jpg 1920w, https:\/\/www.greenflex.com\/wp-content\/uploads\/2022\/03\/reborn-remplacement-groupe-froid-cle-main-greenflex-480x320.jpg 480w, https:\/\/www.greenflex.com\/wp-content\/uploads\/2022\/03\/reborn-remplacement-groupe-froid-cle-main-greenflex-1024x683.jpg 1024w, https:\/\/www.greenflex.com\/wp-content\/uploads\/2022\/03\/reborn-remplacement-groupe-froid-cle-main-greenflex-768x512.jpg 768w, https:\/\/www.greenflex.com\/wp-content\/uploads\/2022\/03\/reborn-remplacement-groupe-froid-cle-main-greenflex-1536x1024.jpg 1536w\" \/>                                                                        <\/span>\n                                                                                                             <h3 class=\"slide-crossnav-title\">\n                                        Renovaci\u00f3n llave en mano de equipos de frio industrial \u2013 Reborn                                    <\/h3>\n                                    <span class=\"slide-crossnav-description\">\n                                                                            <\/span>\n                                <\/a>\n                            <\/div>\n                                                    <div class=\"swiper-slide slide-crossnav\">\n                                <a class=\"slide-crossnav-content\" href=\"https:\/\/www.greenflex.com\/es\/referencias\/optimizacion-y-gestion-del-consumo-energetico-en-casi-550-tiendas-carrefour\/\">\n                                    <span class=\"slide-crossnav-img-container\">\n                                     <img width=\"4704\" height=\"3136\" src=\"https:\/\/www.greenflex.com\/wp-content\/uploads\/2021\/10\/Optimisation-pilotage-consommation-energie-Carrefour-GreenFlex-scaled.jpg\" class=\"slide-crossnav-img\" alt=\"Una mujer blanca en un supermercado coge algo de un congelador\" decoding=\"async\" loading=\"lazy\" sizes=\"29vw,(max-width:480px) 80vw\" \/>                                                                        <\/span>\n                                                                                                             <h3 class=\"slide-crossnav-title\">\n                                        Optimizaci\u00f3n y gesti\u00f3n del consumo energ\u00e9tico en casi 550 tiendas &#8211; Carrefour                                    <\/h3>\n                                    <span class=\"slide-crossnav-description\">\n                                                                            <\/span>\n                                <\/a>\n                            <\/div>\n                                                    <div class=\"swiper-slide slide-crossnav\">\n                                <a class=\"slide-crossnav-content\" href=\"https:\/\/www.greenflex.com\/es\/referencias\/dialogo-con-las-partes-interesadas-y-priorizacion-de-los-temas-bonduelle\/\">\n                                    <span class=\"slide-crossnav-img-container\">\n                                     <img width=\"1920\" height=\"1280\" src=\"https:\/\/www.greenflex.com\/wp-content\/uploads\/2021\/10\/Dialogue-parties-prenantes-matrice-Bonduelle-GreenFlex.jpg\" class=\"slide-crossnav-img\" alt=\"Gente sentada alrededor de una mesa de caf\u00e9\" decoding=\"async\" loading=\"lazy\" sizes=\"29vw,(max-width:480px) 80vw\" srcset=\"https:\/\/www.greenflex.com\/wp-content\/uploads\/2021\/10\/Dialogue-parties-prenantes-matrice-Bonduelle-GreenFlex.jpg 1920w, https:\/\/www.greenflex.com\/wp-content\/uploads\/2021\/10\/Dialogue-parties-prenantes-matrice-Bonduelle-GreenFlex-300x200.jpg 300w, https:\/\/www.greenflex.com\/wp-content\/uploads\/2021\/10\/Dialogue-parties-prenantes-matrice-Bonduelle-GreenFlex-768x512.jpg 768w, https:\/\/www.greenflex.com\/wp-content\/uploads\/2021\/10\/Dialogue-parties-prenantes-matrice-Bonduelle-GreenFlex-1024x683.jpg 1024w, https:\/\/www.greenflex.com\/wp-content\/uploads\/2021\/10\/Dialogue-parties-prenantes-matrice-Bonduelle-GreenFlex-1536x1024.jpg 1536w\" \/>                                                                        <\/span>\n                                                                                                             <h3 class=\"slide-crossnav-title\">\n                                        Di\u00e1logo con las partes interesadas y priorizaci\u00f3n de los temas &#8211; Bonduelle                                    <\/h3>\n                                    <span class=\"slide-crossnav-description\">\n                                                                            <\/span>\n                                <\/a>\n                            <\/div>\n                                                    <div class=\"swiper-slide slide-crossnav\">\n                                <a class=\"slide-crossnav-content\" href=\"https:\/\/www.greenflex.com\/es\/referencias\/estrategia-energia-y-reduccion-factura-energetica-actor-distribucion-alimentos\/\">\n                                    <span class=\"slide-crossnav-img-container\">\n                                     <img width=\"1280\" height=\"847\" src=\"https:\/\/www.greenflex.com\/wp-content\/uploads\/2021\/10\/Acteur-grande-distribution-efficacite-ernergetique-GreenFlex.jpg\" class=\"slide-crossnav-img\" alt=\"Vista a\u00e9rea de un pasillo de supermercado\" decoding=\"async\" loading=\"lazy\" sizes=\"29vw,(max-width:480px) 80vw\" srcset=\"https:\/\/www.greenflex.com\/wp-content\/uploads\/2021\/10\/Acteur-grande-distribution-efficacite-ernergetique-GreenFlex.jpg 1280w, https:\/\/www.greenflex.com\/wp-content\/uploads\/2021\/10\/Acteur-grande-distribution-efficacite-ernergetique-GreenFlex-300x199.jpg 300w, https:\/\/www.greenflex.com\/wp-content\/uploads\/2021\/10\/Acteur-grande-distribution-efficacite-ernergetique-GreenFlex-768x508.jpg 768w, https:\/\/www.greenflex.com\/wp-content\/uploads\/2021\/10\/Acteur-grande-distribution-efficacite-ernergetique-GreenFlex-1024x678.jpg 1024w\" \/>                                                                        <\/span>\n                                                                                                             <h3 class=\"slide-crossnav-title\">\n                                        Estrategia de energ\u00eda y reducci\u00f3n de la factura energ\u00e9tica &#8211; Actor independiente de la distribuci\u00f3n al por menor de alimentos                                    <\/h3>\n                                    <span class=\"slide-crossnav-description\">\n                                                                            <\/span>\n                                <\/a>\n                            <\/div>\n                                                    <div class=\"swiper-slide slide-crossnav\">\n                                <a class=\"slide-crossnav-content\" href=\"https:\/\/www.greenflex.com\/es\/referencias\/analisis-controversias-sociales-sector-cosmetica-marca-de-cosmeticos\/\">\n                                    <span class=\"slide-crossnav-img-container\">\n                                     <img width=\"1920\" height=\"1280\" src=\"https:\/\/www.greenflex.com\/wp-content\/uploads\/2021\/10\/Analyse-socio-environnementale-marque-cosmetiques-GreenFlex-rotated.jpg\" class=\"slide-crossnav-img\" alt=\"Primer plano de las manos sosteniendo un tarro de crema facial\" decoding=\"async\" loading=\"lazy\" sizes=\"29vw,(max-width:480px) 80vw\" srcset=\"https:\/\/www.greenflex.com\/wp-content\/uploads\/2021\/10\/Analyse-socio-environnementale-marque-cosmetiques-GreenFlex-rotated.jpg 1920w, https:\/\/www.greenflex.com\/wp-content\/uploads\/2021\/10\/Analyse-socio-environnementale-marque-cosmetiques-GreenFlex-300x200.jpg 300w, https:\/\/www.greenflex.com\/wp-content\/uploads\/2021\/10\/Analyse-socio-environnementale-marque-cosmetiques-GreenFlex-768x512.jpg 768w, https:\/\/www.greenflex.com\/wp-content\/uploads\/2021\/10\/Analyse-socio-environnementale-marque-cosmetiques-GreenFlex-1024x683.jpg 1024w, https:\/\/www.greenflex.com\/wp-content\/uploads\/2021\/10\/Analyse-socio-environnementale-marque-cosmetiques-GreenFlex-1536x1024.jpg 1536w\" \/>                                                                        <\/span>\n                                                                                                             <h3 class=\"slide-crossnav-title\">\n                                        El an\u00e1lisis de las controversias sociales en el sector de la cosm\u00e9tica \u2013 Marca de cosmeticos                                    <\/h3>\n                                    <span class=\"slide-crossnav-description\">\n                                                                            <\/span>\n                                <\/a>\n                            <\/div>\n                                        <\/div>\n                <div class=\"crossnav-pagination-project\"><\/div>\n            <\/div>\n            <\/section>\n\n\n\n<section id=\"disko-component-banner-block_6183efb3d92ef\" class=\"disko-component disko-component-banner section-banner green\">\n    <div class=\"line-container\">\n        <svg width=\"100%\" height=\"100%\" viewBox=\"0 0 970 472\" aria-hidden=\"true\" preserveAspectRatio=\"xMinYMin meet\" xmlns=\"http:\/\/www.w3.org\/2000\/svg\"><path d=\"M410 471c-85 0-57.034-.598-123.517-.299S202 443 201.627 390.491V246.059c0-60.246-1.335-120.492-97.47-120.492-96.134 0-102.81 53.674-102.81 107.347 0 53.674 6.676 99.68 102.81 99.68 20.488 0 704.015.407 722.843.407 97 0 140-38 140.003-92.948 4.006-13.145 0-64.052 0-96.914C967.001 112.38 967 64.667 967 0\" stroke=\"#17FA73\" fill=\"none\" fill-rule=\"evenodd\"\/><\/svg>\n    <\/div>\n    <div class=\"banner-container\">\n        <div class=\"banner-title-container\">\n            <div class=\"banner-hover-title\">Cambiemos de rumbo juntos<\/div>\n            <div class=\"cursor\" data-bg=\"\"><\/div>\n        <\/div>\n        <p>\n            \u00bfCu\u00e1l es su problema?         <\/p>\n                    <a href=\"https:\/\/www.greenflex.com\/es\/contacto\/\" class=\"btn btn-white\">\n                <div class=\"btn-ico\">\n                    <svg aria-hidden=\"true\" width=\"18\" height=\"15\" xmlns=\"http:\/\/www.w3.org\/2000\/svg\" xmlns:xlink=\"http:\/\/www.w3.org\/1999\/xlink\"><defs><path d=\"M11.455 2.025c-.833.73-.972 1.483-.42 2.255l4.032 4.023H.854a.863.863 0 00-.848.875c0 .483.38.876.848.876h14.213l-3.752 4.026c-.8.88-.761 1.639.114 2.275l6.332-6.557a.859.859 0 00.245-.62.86.86 0 00-.245-.62l-6.306-6.533z\" id=\"a\"\/><\/defs><use class=\"arrow-color\" fill=\"#00A880\" transform=\"rotate(-20 6.17 8.69)\" xlink:href=\"#a\" fill-rule=\"evenodd\"\/><\/svg>\n                <\/div>\n               Contacto            <\/a>\n            <\/div>\n<\/section>\n","protected":false},"excerpt":{"rendered":"","protected":false},"author":3,"featured_media":0,"parent":0,"menu_order":0,"comment_status":"closed","ping_status":"closed","template":"","meta":{"content-type":"","inline_featured_image":false},"sector_type":[],"offer_type":[],"acf":[],"yoast_head":"<!-- This site is optimized with the Yoast SEO Premium plugin v21.8 (Yoast SEO v21.8.1) - https:\/\/yoast.com\/wordpress\/plugins\/seo\/ -->\n<title>Referencias - nuestros proyectos<\/title>\n<meta name=\"description\" content=\"En esta secci\u00f3n encontrar\u00e1 una selecci\u00f3n de nuestros proyectos m\u00e1s importantes\" \/>\n<meta name=\"robots\" content=\"index, follow, max-snippet:-1, max-image-preview:large, max-video-preview:-1\" \/>\n<link rel=\"canonical\" href=\"https:\/\/www.greenflex.com\/es\/referencias\/\" \/>\n<meta property=\"og:locale\" content=\"es_ES\" \/>\n<meta property=\"og:type\" content=\"article\" \/>\n<meta property=\"og:title\" content=\"Referencias\" \/>\n<meta property=\"og:description\" content=\"En esta secci\u00f3n encontrar\u00e1 una selecci\u00f3n de nuestros proyectos m\u00e1s importantes\" \/>\n<meta property=\"og:url\" content=\"https:\/\/www.greenflex.com\/es\/referencias\/\" \/>\n<meta property=\"og:site_name\" content=\"GreenFlex\" \/>\n<meta property=\"article:modified_time\" content=\"2022-04-01T12:41:11+00:00\" \/>\n<meta name=\"twitter:card\" content=\"summary_large_image\" \/>\n<meta name=\"twitter:site\" content=\"@GreenFlex\" \/>\n<script type=\"application\/ld+json\" class=\"yoast-schema-graph\">{\"@context\":\"https:\/\/schema.org\",\"@graph\":[{\"@type\":\"WebPage\",\"@id\":\"https:\/\/www.greenflex.com\/es\/referencias\/\",\"url\":\"https:\/\/www.greenflex.com\/es\/referencias\/\",\"name\":\"Referencias - nuestros proyectos\",\"isPartOf\":{\"@id\":\"https:\/\/www.greenflex.com\/es\/#website\"},\"datePublished\":\"2021-11-04T15:02:40+00:00\",\"dateModified\":\"2022-04-01T12:41:11+00:00\",\"description\":\"En esta secci\u00f3n encontrar\u00e1 una selecci\u00f3n de nuestros proyectos m\u00e1s importantes\",\"breadcrumb\":{\"@id\":\"https:\/\/www.greenflex.com\/es\/referencias\/#breadcrumb\"},\"inLanguage\":\"es\",\"potentialAction\":[{\"@type\":\"ReadAction\",\"target\":[\"https:\/\/www.greenflex.com\/es\/referencias\/\"]}]},{\"@type\":\"BreadcrumbList\",\"@id\":\"https:\/\/www.greenflex.com\/es\/referencias\/#breadcrumb\",\"itemListElement\":[{\"@type\":\"ListItem\",\"position\":1,\"name\":\"GreenFlex\",\"item\":\"https:\/\/www.greenflex.com\/es\/\"},{\"@type\":\"ListItem\",\"position\":2,\"name\":\"Referencias\"}]},{\"@type\":\"WebSite\",\"@id\":\"https:\/\/www.greenflex.com\/es\/#website\",\"url\":\"https:\/\/www.greenflex.com\/es\/\",\"name\":\"GreenFlex\",\"description\":\"Changeons de trajectoire\",\"potentialAction\":[{\"@type\":\"SearchAction\",\"target\":{\"@type\":\"EntryPoint\",\"urlTemplate\":\"https:\/\/www.greenflex.com\/es\/?s={search_term_string}\"},\"query-input\":\"required name=search_term_string\"}],\"inLanguage\":\"es\"}]}<\/script>\n<!-- \/ Yoast SEO Premium plugin. -->","yoast_head_json":{"title":"Referencias - nuestros proyectos","description":"En esta secci\u00f3n encontrar\u00e1 una selecci\u00f3n de nuestros proyectos m\u00e1s importantes","robots":{"index":"index","follow":"follow","max-snippet":"max-snippet:-1","max-image-preview":"max-image-preview:large","max-video-preview":"max-video-preview:-1"},"canonical":"https:\/\/www.greenflex.com\/es\/referencias\/","og_locale":"es_ES","og_type":"article","og_title":"Referencias","og_description":"En esta secci\u00f3n encontrar\u00e1 una selecci\u00f3n de nuestros proyectos m\u00e1s importantes","og_url":"https:\/\/www.greenflex.com\/es\/referencias\/","og_site_name":"GreenFlex","article_modified_time":"2022-04-01T12:41:11+00:00","twitter_card":"summary_large_image","twitter_site":"@GreenFlex","schema":{"@context":"https:\/\/schema.org","@graph":[{"@type":"WebPage","@id":"https:\/\/www.greenflex.com\/es\/referencias\/","url":"https:\/\/www.greenflex.com\/es\/referencias\/","name":"Referencias - nuestros proyectos","isPartOf":{"@id":"https:\/\/www.greenflex.com\/es\/#website"},"datePublished":"2021-11-04T15:02:40+00:00","dateModified":"2022-04-01T12:41:11+00:00","description":"En esta secci\u00f3n encontrar\u00e1 una selecci\u00f3n de nuestros proyectos m\u00e1s importantes","breadcrumb":{"@id":"https:\/\/www.greenflex.com\/es\/referencias\/#breadcrumb"},"inLanguage":"es","potentialAction":[{"@type":"ReadAction","target":["https:\/\/www.greenflex.com\/es\/referencias\/"]}]},{"@type":"BreadcrumbList","@id":"https:\/\/www.greenflex.com\/es\/referencias\/#breadcrumb","itemListElement":[{"@type":"ListItem","position":1,"name":"GreenFlex","item":"https:\/\/www.greenflex.com\/es\/"},{"@type":"ListItem","position":2,"name":"Referencias"}]},{"@type":"WebSite","@id":"https:\/\/www.greenflex.com\/es\/#website","url":"https:\/\/www.greenflex.com\/es\/","name":"GreenFlex","description":"Changeons de trajectoire","potentialAction":[{"@type":"SearchAction","target":{"@type":"EntryPoint","urlTemplate":"https:\/\/www.greenflex.com\/es\/?s={search_term_string}"},"query-input":"required name=search_term_string"}],"inLanguage":"es"}]}},"_links":{"self":[{"href":"https:\/\/www.greenflex.com\/es\/wp-json\/wp\/v2\/pages\/5315"}],"collection":[{"href":"https:\/\/www.greenflex.com\/es\/wp-json\/wp\/v2\/pages"}],"about":[{"href":"https:\/\/www.greenflex.com\/es\/wp-json\/wp\/v2\/types\/page"}],"author":[{"embeddable":true,"href":"https:\/\/www.greenflex.com\/es\/wp-json\/wp\/v2\/users\/3"}],"replies":[{"embeddable":true,"href":"https:\/\/www.greenflex.com\/es\/wp-json\/wp\/v2\/comments?post=5315"}],"version-history":[{"count":0,"href":"https:\/\/www.greenflex.com\/es\/wp-json\/wp\/v2\/pages\/5315\/revisions"}],"wp:attachment":[{"href":"https:\/\/www.greenflex.com\/es\/wp-json\/wp\/v2\/media?parent=5315"}],"wp:term":[{"taxonomy":"sector_type","embeddable":true,"href":"https:\/\/www.greenflex.com\/es\/wp-json\/wp\/v2\/sector_type?post=5315"},{"taxonomy":"offer_type","embeddable":true,"href":"https:\/\/www.greenflex.com\/es\/wp-json\/wp\/v2\/offer_type?post=5315"}],"curies":[{"name":"wp","href":"https:\/\/api.w.org\/{rel}","templated":true}]}}