{"id":10580,"date":"2022-10-17T13:27:40","date_gmt":"2022-10-17T13:27:40","guid":{"rendered":"https:\/\/www.greenflex.com\/?page_id=10580"},"modified":"2024-12-09T15:34:31","modified_gmt":"2024-12-09T15:34:31","slug":"acompanamiento-a-la-certificacion-iso-50001","status":"publish","type":"page","link":"https:\/\/www.greenflex.com\/es\/acompanamiento-a-la-certificacion-iso-50001\/","title":{"rendered":"Acompa\u00f1amiento a la certificaci\u00f3n ISO 50001"},"content":{"rendered":"\n<section id=\"disko-component-header-simple-block_7617c7fd9859a4e8eb6de90059966d63\" class=\"disko-component disko-component-header-simple\">\n    <div class=\"header-content\">\n        <div class=\"bread-crumbs-container\">\n            <span><span><a href=\"https:\/\/www.greenflex.com\/es\/\">GreenFlex<\/a><\/span><\/span>        <\/div>\n        <h1 class=\"header-title\">\n            Implantar un sistema de gesti\u00f3n energ\u00e9tica y obtener la certificaci\u00f3n ISO 50.001        <\/h1>\n        <div class=\"header-description\">\n            <p>La norma ISO 50.001 le permite formalizar un marco metodol\u00f3gico para alcanzar sus objetivos de ahorro energ\u00e9tico. Gracias a la implantaci\u00f3n de un Sistema de Gesti\u00f3n Energ\u00e9tica (SGE), GreenFlex le apoya en su proceso de certificaci\u00f3n ISO 50.001, para reducir de forma sostenible su consumo energ\u00e9tico<\/p>\n        <\/div>\n        <div class=\"btn-wrapper\">\n                                <\/div>\n    <\/div>\n    <\/section>\n\n\n\n<section id=\"disko-component-wysiwyg-block_08e578cebfff5e3f11f92474727cec65\" class=\"disko-component disko-component-wysiwyg dark\">\n    <div class=\"wysiwyg-wrapper\">\n        <h2>\u00bfQu\u00e9 es la norma ISO 50.001?<\/h2>\n<p>La norma ISO 50.001 es una certificaci\u00f3n internacional que proporciona un m\u00e9todo y unas herramientas para que las organizaciones inicien su proceso de gesti\u00f3n de su rendimiento y consumo energ\u00e9tico de forma m\u00e1s eficiente. <strong>Su principio se basa en la implantaci\u00f3n<\/strong> de un Sistema de Gesti\u00f3n, fomentando <strong>la mejora continua y la medici\u00f3n del rendimiento.<\/strong><\/p>\n<p>Se dirige a todo tipo de actores y sectores de actividad: grandes empresas, autoridades locales, PYMES, distribuidores, edificios del sector servicios, industria, etc.<\/p>\n<h2>Auditor\u00eda energ\u00e9tica y certificaci\u00f3n ISO 50.001, \u00bfcu\u00e1les son las diferencias?<\/h2>\n<p>Las empresas con m\u00e1s de 250 empleados y un volumen de negocio superior a 50 millones de euros y un valor de balance superior a 43 millones de euros deben realizar una auditor\u00eda energ\u00e9tica cada cuatro a\u00f1os.<\/p>\n<p>A diferencia de las auditor\u00edas energ\u00e9ticas obligatorias, la certificaci\u00f3n ISO 50.001 es voluntaria.<\/p>\n<p><strong>Si opta por la certificaci\u00f3n de su centro, formar\u00e1 parte de un proceso de mejora continua que tambi\u00e9n le librar\u00e1 de tener que repetir una auditor\u00eda energ\u00e9tica cada 4 a\u00f1os.<\/strong><\/p>\n    <\/div>\n<\/section>\n\n\n\n\n<section id=\"disko-component-solutions-block_b111ab512ab0d35b58b3e2676bd10086\" class=\"disko-component disko-component-solutions light-green\">\n    \n    <div class=\"solution-intro-wrapper\">\n        <div class=\"solution-intro-col\">\n            <h2 class=\"solution-title\">\n                \u00bfC\u00f3mo le ayuda GreenFlex a establecer su sistema de gesti\u00f3n energ\u00e9tica?            <\/h2>\n        <\/div>\n        <div class=\"solution-intro-col\">\n            <div class=\"solution-intro\">\n                Nuestra misi\u00f3n es apoyarle en la obtenci\u00f3n de su certificaci\u00f3n mediante asistencia metodol\u00f3gica y operativa. Le ofrecemos asistencia personalizada para reducir su factura energ\u00e9tica, orientar mejor sus inversiones y mejorar su huella medioambiental.            <\/div>\n        <\/div>\n    <\/div>\n    \n    <div class=\"solution-visual-wrapper\">\n        <div class=\" solution-visual-slider\">\n            <div class=\"swiper-wrapper\">\n                <div class=\"swiper-slide solution-visual-slide\">\n                    <div class=\"solution-visual-slide-img-container\">\n                         <img width=\"1920\" height=\"1281\" src=\"https:\/\/www.greenflex.com\/wp-content\/uploads\/2021\/10\/Energies-renouvelables-usine-GreenFlex.jpg\" class=\"news-slide-img\" alt=\"Dos hombres blancos en una fabrica guardando una tableta\" decoding=\"async\" loading=\"lazy\" sizes=\"33vw,(max-width:480px) 80vw\" srcset=\"https:\/\/www.greenflex.com\/wp-content\/uploads\/2021\/10\/Energies-renouvelables-usine-GreenFlex.jpg 1920w, https:\/\/www.greenflex.com\/wp-content\/uploads\/2021\/10\/Energies-renouvelables-usine-GreenFlex-480x320.jpg 480w, https:\/\/www.greenflex.com\/wp-content\/uploads\/2021\/10\/Energies-renouvelables-usine-GreenFlex-1024x683.jpg 1024w, https:\/\/www.greenflex.com\/wp-content\/uploads\/2021\/10\/Energies-renouvelables-usine-GreenFlex-768x512.jpg 768w, https:\/\/www.greenflex.com\/wp-content\/uploads\/2021\/10\/Energies-renouvelables-usine-GreenFlex-1536x1025.jpg 1536w\" \/>                    <\/div>\n                    \n                <\/div>\n                                <div class=\"swiper-slide solution-visual-slide\">\n                    <div class=\"solution-visual-slide-img-container\">\n                         <img width=\"1200\" height=\"675\" src=\"https:\/\/www.greenflex.com\/wp-content\/uploads\/2021\/10\/Management-energie-ISO-50001-GreenFlex.png\" class=\"news-slide-img\" alt=\"Un hombre negro en su oficio tiene una calculadora\" decoding=\"async\" loading=\"lazy\" sizes=\"33vw,(max-width:480px) 80vw\" srcset=\"https:\/\/www.greenflex.com\/wp-content\/uploads\/2021\/10\/Management-energie-ISO-50001-GreenFlex.png 1200w, https:\/\/www.greenflex.com\/wp-content\/uploads\/2021\/10\/Management-energie-ISO-50001-GreenFlex-300x169.png 300w, https:\/\/www.greenflex.com\/wp-content\/uploads\/2021\/10\/Management-energie-ISO-50001-GreenFlex-768x432.png 768w, https:\/\/www.greenflex.com\/wp-content\/uploads\/2021\/10\/Management-energie-ISO-50001-GreenFlex-1024x576.png 1024w\" \/>                    <\/div>\n                <\/div>\n                            <\/div>\n            <div class=\"solution-visual-slider-pagination\"><\/div>\n        <\/div>\n    <\/div>\n    \n    <div class=\"solution-list-blocks\">\n                               <div class=\"solution-list\">\n                <h3 class=\"solution-list-title\">\n                    Nuestro apoyo incluye:                <\/h3>\n                <div class=\"solution-list-content\">\n                    <ol>\n<li><strong>Evaluaci\u00f3n y diagnostico respecto a la norma<\/strong><\/li>\n<\/ol>\n<p>GreenFlex le permite establecer un inventario de su organizaci\u00f3n e identificar los esfuerzos humanos, t\u00e9cnicos y financieros necesarios para obtener la certificaci\u00f3n ISO 50.001<\/p>\n<ol start=\"2\">\n<li><strong>Definici\u00f3n de objetivos e indicadores<\/strong><\/li>\n<\/ol>\n<p>Nuestros expertos le ayudar\u00e1n a definir objetivos adaptados a sus necesidades y a identificar los indicadores que le permitir\u00e1n controlar su rendimiento<\/p>\n<ol start=\"3\">\n<li><strong>Vigilancia reglamentaria<\/strong><\/li>\n<\/ol>\n<p>Para identificar los requisitos legales, podemos realizar una vigilancia reglamentaria en funci\u00f3n de su campo de actividad, sus equipos e instalaciones. Esto le permite analizar el cumplimiento de estos requisitos<\/p>\n<ol start=\"4\">\n<li><strong>Definici\u00f3n del plan de acci\u00f3n<\/strong><\/li>\n<\/ol>\n<p>Trabajamos para desarrollar un plan de acci\u00f3n que le ayude a planificar los proyectos e inversiones necesarios para alcanzar sus objetivos<\/p>\n<ol start=\"5\">\n<li><strong>Implementaci\u00f3n<\/strong><\/li>\n<\/ol>\n<p>Le apoyamos en sus actividades de sensibilizaci\u00f3n, comunicaci\u00f3n y formaci\u00f3n, as\u00ed como en el despliegue t\u00e9cnico del proyecto. Tambi\u00e9n podemos acompa\u00f1arle en la realizaci\u00f3n de sus proyectos o en sus inversiones gracias a nuestras soluciones de apoyo operativo (asistencia en la gesti\u00f3n de proyectos, direcci\u00f3n de obra o llave en mano) y en la financiaci\u00f3n de proyectos o equipos (CAE, leasing, soluciones de financiaci\u00f3n de terceros, etc.)<\/p>\n<ol start=\"6\">\n<li><strong>Certificaci\u00f3n<\/strong><\/li>\n<\/ol>\n<p>GreenFlex le ayuda a obtener su certificaci\u00f3n por primera vez y luego en la actualizaci\u00f3n de los procedimientos y documentos relacionados con su renovaci\u00f3n<\/p>\n                <\/div>\n            <\/div>\n           <\/div>\n    \n    <div class=\"solution-visual-highlight\">\n        <div class=\"solution-visual-highlight-container\">\n             <img width=\"1920\" height=\"1281\" src=\"https:\/\/www.greenflex.com\/wp-content\/uploads\/2019\/11\/benchmark-consommation-energetique-site-industriel-greenflex.jpg\" class=\"attachment- size-\" alt=\"Vista a\u00e9rea de una persona sentando a su escritorio escribiendo en su cuaderno\" decoding=\"async\" loading=\"lazy\" sizes=\"80vw\" srcset=\"https:\/\/www.greenflex.com\/wp-content\/uploads\/2019\/11\/benchmark-consommation-energetique-site-industriel-greenflex.jpg 1920w, https:\/\/www.greenflex.com\/wp-content\/uploads\/2019\/11\/benchmark-consommation-energetique-site-industriel-greenflex-300x200.jpg 300w, https:\/\/www.greenflex.com\/wp-content\/uploads\/2019\/11\/benchmark-consommation-energetique-site-industriel-greenflex-768x512.jpg 768w, https:\/\/www.greenflex.com\/wp-content\/uploads\/2019\/11\/benchmark-consommation-energetique-site-industriel-greenflex-1024x683.jpg 1024w, https:\/\/www.greenflex.com\/wp-content\/uploads\/2019\/11\/benchmark-consommation-energetique-site-industriel-greenflex-1536x1025.jpg 1536w\" \/>        <\/div>\n        <div class=\"solution-visual-description-wrapper\">\n                                 <\/div>\n    <\/div>\n    \n<\/section>\n\n\n\n<section id=\"disko-component-wysiwyg-block_c0cb3c50e99a6de38ff3b414ff7ddb03\" class=\"disko-component disko-component-wysiwyg dark\">\n    <div class=\"wysiwyg-wrapper\">\n        <h2>Obtener la certificaci\u00f3n 50.001: \u00bfpor qu\u00e9 elegir GreenFlex?<\/h2>\n<p>Nuestro apoyo a la certificaci\u00f3n ISO 50.001 se basa en un enfoque integral y a su medida:<\/p>\n<ul>\n<li><strong>La implantaci\u00f3n de un Sistema de Gesti\u00f3n Energ\u00e9tica (SGE) permite iniciar un proceso de mejora continua del rendimiento energ\u00e9tico y, a largo plazo, obtener la certificaci\u00f3n ISO 50.001 del sitio.<\/strong> Y como la situaci\u00f3n de cada empresa es \u00fanica, le ofrecemos una soluci\u00f3n y un apoyo adaptados a sus necesidades<\/li>\n<li><strong>Para gestionar y aplicar sus planes de acci\u00f3n, ponemos a su disposici\u00f3n 130 expertos en energ\u00eda, eficiencia energ\u00e9tica, energ\u00edas renovables, asistencia en la gesti\u00f3n de proyectos o ingenier\u00eda.<\/strong> Pueden asesorar y apoyar a sus equipos internos. Tambi\u00e9n pueden ayudarle a obtener la certificaci\u00f3n ISO 50.001, a establecer un SGE y a gestionar el cambio, a proporcionar vigilancia normativa y tecnol\u00f3gica, etc.<\/li>\n<li>Para estar lo m\u00e1s cerca posible de sus necesidades y para que los aspectos financieros no ralenticen sus proyectos, GreenFlex tambi\u00e9n le ofrece soluciones: <strong>b\u00fasqueda de subvenciones, <a href=\"https:\/\/www.greenflex.com\/es\/certificados-de-ahorro-energetico-cae\/\">Certificados de Ahorro Energ\u00e9tico (CAE)<\/a><\/strong> para financiar la totalidad o parte de sus operaciones de ahorro de energ\u00eda, <strong>soluciones de leasing o <a href=\"https:\/\/www.greenflex.com\/es\/arrendamiento-operativo\/\">financiaci\u00f3n de terceros<\/a><\/strong> para financiar los costes restantes.<\/li>\n<\/ul>\n    <\/div>\n<\/section>\n\n\n\n<section id=\"disko-component-banner-block_93dc550f5e1dbaff8159ae39905e122f\" class=\"disko-component disko-component-banner section-banner green\">\n    <div class=\"line-container\">\n        <svg width=\"100%\" height=\"100%\" viewBox=\"0 0 970 472\" aria-hidden=\"true\" preserveAspectRatio=\"xMinYMin meet\" xmlns=\"http:\/\/www.w3.org\/2000\/svg\"><path d=\"M410 471c-85 0-57.034-.598-123.517-.299S202 443 201.627 390.491V246.059c0-60.246-1.335-120.492-97.47-120.492-96.134 0-102.81 53.674-102.81 107.347 0 53.674 6.676 99.68 102.81 99.68 20.488 0 704.015.407 722.843.407 97 0 140-38 140.003-92.948 4.006-13.145 0-64.052 0-96.914C967.001 112.38 967 64.667 967 0\" stroke=\"#17FA73\" fill=\"none\" fill-rule=\"evenodd\"\/><\/svg>\n    <\/div>\n    <div class=\"banner-container\">\n        <div class=\"banner-title-container\">\n            <div class=\"banner-hover-title\">Necesita un apoyo?<\/div>\n            <div class=\"cursor\" data-bg=\"\"><\/div>\n        <\/div>\n        <p>\n            Nuestros equipos le recontacten        <\/p>\n                    <a href=\"https:\/\/www.greenflex.com\/contact\/\" class=\"btn btn-white\">\n                <div class=\"btn-ico\">\n                    <svg aria-hidden=\"true\" width=\"18\" height=\"15\" xmlns=\"http:\/\/www.w3.org\/2000\/svg\" xmlns:xlink=\"http:\/\/www.w3.org\/1999\/xlink\"><defs><path d=\"M11.455 2.025c-.833.73-.972 1.483-.42 2.255l4.032 4.023H.854a.863.863 0 00-.848.875c0 .483.38.876.848.876h14.213l-3.752 4.026c-.8.88-.761 1.639.114 2.275l6.332-6.557a.859.859 0 00.245-.62.86.86 0 00-.245-.62l-6.306-6.533z\" id=\"a\"\/><\/defs><use class=\"arrow-color\" fill=\"#00A880\" transform=\"rotate(-20 6.17 8.69)\" xlink:href=\"#a\" fill-rule=\"evenodd\"\/><\/svg>\n                <\/div>\n               Cont\u00e1ctanos            <\/a>\n            <\/div>\n<\/section>\n","protected":false},"excerpt":{"rendered":"","protected":false},"author":3,"featured_media":8780,"parent":0,"menu_order":0,"comment_status":"closed","ping_status":"closed","template":"","meta":{"content-type":"","inline_featured_image":false},"sector_type":[],"offer_type":[],"acf":[],"yoast_head":"<!-- This site is optimized with the Yoast SEO Premium plugin v21.8 (Yoast SEO v21.8.1) - https:\/\/yoast.com\/wordpress\/plugins\/seo\/ -->\n<title>Obtene la certificaci\u00f3n ISO 50.001 con nuestro apoyo<\/title>\n<meta name=\"description\" content=\"GreenFlex le ayuda en la implementaci\u00f3n de su gesti\u00f3n energ\u00e9tica y en la reducci\u00f3n sostenible de su consumo\" \/>\n<meta name=\"robots\" content=\"index, follow, max-snippet:-1, max-image-preview:large, max-video-preview:-1\" \/>\n<link rel=\"canonical\" href=\"https:\/\/www.greenflex.com\/es\/acompanamiento-a-la-certificacion-iso-50001\/\" \/>\n<meta property=\"og:locale\" content=\"es_ES\" \/>\n<meta property=\"og:type\" content=\"article\" \/>\n<meta property=\"og:title\" content=\"Acompa\u00f1amiento a la certificaci\u00f3n ISO 50001\" \/>\n<meta property=\"og:description\" content=\"GreenFlex le ayuda en la implementaci\u00f3n de su gesti\u00f3n energ\u00e9tica y en la reducci\u00f3n sostenible de su consumo\" \/>\n<meta property=\"og:url\" content=\"https:\/\/www.greenflex.com\/es\/acompanamiento-a-la-certificacion-iso-50001\/\" \/>\n<meta property=\"og:site_name\" content=\"GreenFlex\" \/>\n<meta property=\"article:modified_time\" content=\"2024-12-09T15:34:31+00:00\" \/>\n<meta property=\"og:image\" content=\"https:\/\/greenflex-origin.greenshift.eu\/wp-content\/uploads\/2019\/11\/benchmark-consommation-energetique-site-industriel-greenflex.jpg\" \/>\n\t<meta property=\"og:image:width\" content=\"1920\" \/>\n\t<meta property=\"og:image:height\" content=\"1281\" \/>\n\t<meta property=\"og:image:type\" content=\"image\/jpeg\" \/>\n<meta name=\"twitter:card\" content=\"summary_large_image\" \/>\n<meta name=\"twitter:site\" content=\"@GreenFlex\" \/>\n<meta name=\"twitter:label1\" content=\"Tiempo de lectura\" \/>\n\t<meta name=\"twitter:data1\" content=\"1 minuto\" \/>\n<script type=\"application\/ld+json\" class=\"yoast-schema-graph\">{\"@context\":\"https:\/\/schema.org\",\"@graph\":[{\"@type\":\"WebPage\",\"@id\":\"https:\/\/www.greenflex.com\/es\/acompanamiento-a-la-certificacion-iso-50001\/\",\"url\":\"https:\/\/www.greenflex.com\/es\/acompanamiento-a-la-certificacion-iso-50001\/\",\"name\":\"Obtene la certificaci\u00f3n ISO 50.001 con nuestro apoyo\",\"isPartOf\":{\"@id\":\"https:\/\/www.greenflex.com\/es\/#website\"},\"datePublished\":\"2022-10-17T13:27:40+00:00\",\"dateModified\":\"2024-12-09T15:34:31+00:00\",\"description\":\"GreenFlex le ayuda en la implementaci\u00f3n de su gesti\u00f3n energ\u00e9tica y en la reducci\u00f3n sostenible de su consumo\",\"breadcrumb\":{\"@id\":\"https:\/\/www.greenflex.com\/es\/acompanamiento-a-la-certificacion-iso-50001\/#breadcrumb\"},\"inLanguage\":\"es\",\"potentialAction\":[{\"@type\":\"ReadAction\",\"target\":[\"https:\/\/www.greenflex.com\/es\/acompanamiento-a-la-certificacion-iso-50001\/\"]}]},{\"@type\":\"BreadcrumbList\",\"@id\":\"https:\/\/www.greenflex.com\/es\/acompanamiento-a-la-certificacion-iso-50001\/#breadcrumb\",\"itemListElement\":[{\"@type\":\"ListItem\",\"position\":1,\"name\":\"GreenFlex\",\"item\":\"https:\/\/www.greenflex.com\/es\/\"},{\"@type\":\"ListItem\",\"position\":2,\"name\":\"Acompa\u00f1amiento a la certificaci\u00f3n ISO 50001\"}]},{\"@type\":\"WebSite\",\"@id\":\"https:\/\/www.greenflex.com\/es\/#website\",\"url\":\"https:\/\/www.greenflex.com\/es\/\",\"name\":\"GreenFlex\",\"description\":\"Changeons de trajectoire\",\"potentialAction\":[{\"@type\":\"SearchAction\",\"target\":{\"@type\":\"EntryPoint\",\"urlTemplate\":\"https:\/\/www.greenflex.com\/es\/?s={search_term_string}\"},\"query-input\":\"required name=search_term_string\"}],\"inLanguage\":\"es\"}]}<\/script>\n<!-- \/ Yoast SEO Premium plugin. -->","yoast_head_json":{"title":"Obtene la certificaci\u00f3n ISO 50.001 con nuestro apoyo","description":"GreenFlex le ayuda en la implementaci\u00f3n de su gesti\u00f3n energ\u00e9tica y en la reducci\u00f3n sostenible de su consumo","robots":{"index":"index","follow":"follow","max-snippet":"max-snippet:-1","max-image-preview":"max-image-preview:large","max-video-preview":"max-video-preview:-1"},"canonical":"https:\/\/www.greenflex.com\/es\/acompanamiento-a-la-certificacion-iso-50001\/","og_locale":"es_ES","og_type":"article","og_title":"Acompa\u00f1amiento a la certificaci\u00f3n ISO 50001","og_description":"GreenFlex le ayuda en la implementaci\u00f3n de su gesti\u00f3n energ\u00e9tica y en la reducci\u00f3n sostenible de su consumo","og_url":"https:\/\/www.greenflex.com\/es\/acompanamiento-a-la-certificacion-iso-50001\/","og_site_name":"GreenFlex","article_modified_time":"2024-12-09T15:34:31+00:00","og_image":[{"width":1920,"height":1281,"url":"https:\/\/greenflex-origin.greenshift.eu\/wp-content\/uploads\/2019\/11\/benchmark-consommation-energetique-site-industriel-greenflex.jpg","type":"image\/jpeg"}],"twitter_card":"summary_large_image","twitter_site":"@GreenFlex","twitter_misc":{"Tiempo de lectura":"1 minuto"},"schema":{"@context":"https:\/\/schema.org","@graph":[{"@type":"WebPage","@id":"https:\/\/www.greenflex.com\/es\/acompanamiento-a-la-certificacion-iso-50001\/","url":"https:\/\/www.greenflex.com\/es\/acompanamiento-a-la-certificacion-iso-50001\/","name":"Obtene la certificaci\u00f3n ISO 50.001 con nuestro apoyo","isPartOf":{"@id":"https:\/\/www.greenflex.com\/es\/#website"},"datePublished":"2022-10-17T13:27:40+00:00","dateModified":"2024-12-09T15:34:31+00:00","description":"GreenFlex le ayuda en la implementaci\u00f3n de su gesti\u00f3n energ\u00e9tica y en la reducci\u00f3n sostenible de su consumo","breadcrumb":{"@id":"https:\/\/www.greenflex.com\/es\/acompanamiento-a-la-certificacion-iso-50001\/#breadcrumb"},"inLanguage":"es","potentialAction":[{"@type":"ReadAction","target":["https:\/\/www.greenflex.com\/es\/acompanamiento-a-la-certificacion-iso-50001\/"]}]},{"@type":"BreadcrumbList","@id":"https:\/\/www.greenflex.com\/es\/acompanamiento-a-la-certificacion-iso-50001\/#breadcrumb","itemListElement":[{"@type":"ListItem","position":1,"name":"GreenFlex","item":"https:\/\/www.greenflex.com\/es\/"},{"@type":"ListItem","position":2,"name":"Acompa\u00f1amiento a la certificaci\u00f3n ISO 50001"}]},{"@type":"WebSite","@id":"https:\/\/www.greenflex.com\/es\/#website","url":"https:\/\/www.greenflex.com\/es\/","name":"GreenFlex","description":"Changeons de trajectoire","potentialAction":[{"@type":"SearchAction","target":{"@type":"EntryPoint","urlTemplate":"https:\/\/www.greenflex.com\/es\/?s={search_term_string}"},"query-input":"required name=search_term_string"}],"inLanguage":"es"}]}},"_links":{"self":[{"href":"https:\/\/www.greenflex.com\/es\/wp-json\/wp\/v2\/pages\/10580"}],"collection":[{"href":"https:\/\/www.greenflex.com\/es\/wp-json\/wp\/v2\/pages"}],"about":[{"href":"https:\/\/www.greenflex.com\/es\/wp-json\/wp\/v2\/types\/page"}],"author":[{"embeddable":true,"href":"https:\/\/www.greenflex.com\/es\/wp-json\/wp\/v2\/users\/3"}],"replies":[{"embeddable":true,"href":"https:\/\/www.greenflex.com\/es\/wp-json\/wp\/v2\/comments?post=10580"}],"version-history":[{"count":13,"href":"https:\/\/www.greenflex.com\/es\/wp-json\/wp\/v2\/pages\/10580\/revisions"}],"predecessor-version":[{"id":21494,"href":"https:\/\/www.greenflex.com\/es\/wp-json\/wp\/v2\/pages\/10580\/revisions\/21494"}],"wp:featuredmedia":[{"embeddable":true,"href":"https:\/\/www.greenflex.com\/es\/wp-json\/wp\/v2\/media\/8780"}],"wp:attachment":[{"href":"https:\/\/www.greenflex.com\/es\/wp-json\/wp\/v2\/media?parent=10580"}],"wp:term":[{"taxonomy":"sector_type","embeddable":true,"href":"https:\/\/www.greenflex.com\/es\/wp-json\/wp\/v2\/sector_type?post=10580"},{"taxonomy":"offer_type","embeddable":true,"href":"https:\/\/www.greenflex.com\/es\/wp-json\/wp\/v2\/offer_type?post=10580"}],"curies":[{"name":"wp","href":"https:\/\/api.w.org\/{rel}","templated":true}]}}