{"id":10455,"date":"2022-10-17T09:25:47","date_gmt":"2022-10-17T09:25:47","guid":{"rendered":"https:\/\/www.greenflex.com\/?page_id=10455"},"modified":"2024-12-09T15:50:18","modified_gmt":"2024-12-09T15:50:18","slug":"asistencia-y-financiacion-de-la-gestion-de-proyectos","status":"publish","type":"page","link":"https:\/\/www.greenflex.com\/es\/asistencia-y-financiacion-de-la-gestion-de-proyectos\/","title":{"rendered":"Asistencia y financiaci\u00f3n de la gesti\u00f3n de proyectos"},"content":{"rendered":"\n<section id=\"disko-component-header-simple-block_a87fdb041963d2ec3a9d96f4ec24f571\" class=\"disko-component disko-component-header-simple\">\n    <div class=\"header-content\">\n        <div class=\"bread-crumbs-container\">\n            <span><span><a href=\"https:\/\/www.greenflex.com\/es\/\">GreenFlex<\/a><\/span><\/span>        <\/div>\n        <h1 class=\"header-title\">\n            Combinar asistencia para la direcci\u00f3n de obra (Project Management Assistance &#8211; PMA) y financiaci\u00f3n        <\/h1>\n        <div class=\"header-description\">\n            <p>El uso de una soluci\u00f3n que combina la asistencia para la direcci\u00f3n de obra y la financiaci\u00f3n le permite disponer de apoyo t\u00e9cnico y financiero para acelerar y consolidar su proceso de renovaci\u00f3n energ\u00e9tica<\/p>\n        <\/div>\n        <div class=\"btn-wrapper\">\n                                <\/div>\n    <\/div>\n    <\/section>\n\n\n\n<section id=\"disko-component-image-text-block_9bab88e80bd147bdd61444afc8400e6c\" class=\"disko-component disko-component-image-text light \">\n    \n    <div class=\"image-text-wrapper\">\n        <div class=\"image-text-col\">\n              <div class=\"image-text-container \">\n                  <img width=\"1280\" height=\"800\" src=\"https:\/\/www.greenflex.com\/wp-content\/uploads\/2021\/07\/AMO-financement-performance-energetique-GreenFlex.jpg\" class=\"image-text-image\" alt=\"Vista a\u00e9rea de 3 personas sentas a una mesa\" decoding=\"async\" loading=\"lazy\" sizes=\"40vw,(max-width:480px) 80vw\" srcset=\"https:\/\/www.greenflex.com\/wp-content\/uploads\/2021\/07\/AMO-financement-performance-energetique-GreenFlex.jpg 1280w, https:\/\/www.greenflex.com\/wp-content\/uploads\/2021\/07\/AMO-financement-performance-energetique-GreenFlex-300x188.jpg 300w, https:\/\/www.greenflex.com\/wp-content\/uploads\/2021\/07\/AMO-financement-performance-energetique-GreenFlex-768x480.jpg 768w, https:\/\/www.greenflex.com\/wp-content\/uploads\/2021\/07\/AMO-financement-performance-energetique-GreenFlex-1024x640.jpg 1024w\" \/>              <\/div>\n        <\/div>\n        <div class=\"image-text-col text-container\">\n            <h2>GreenFlex, un tercero de confianza para su proyecto<\/h2>\n<p>\u00bfQuiere renovar sus instalaciones que consumen energ\u00eda? \u00bfRealizar trabajos de renovaci\u00f3n energ\u00e9tica?<\/p>\n<p>Pero se pregunta, \u00bfc\u00f3mo elegir los mejores productos teniendo en cuenta diferentes par\u00e1metros t\u00e9cnicos (normativa, precio, vida \u00fatil, comodidad del cliente\/trabajador)? \u00bfC\u00f3mo puede controlar el progreso y garantizar la conformidad del trabajo realizado? \u00bfO c\u00f3mo preservar su flujo de caja y su capacidad de endeudamiento?<\/p>\n<p>En el contexto de una soluci\u00f3n que combine la asistencia para la direcci\u00f3n de obra y la financiaci\u00f3n, GreenFlex act\u00faa como un tercero de confianza que le permite acelerar y consolidar la ejecuci\u00f3n de sus acciones de rendimiento energ\u00e9tico:<\/p>\n<ul>\n<li><strong>Benef\u00edciese de un tercero de confianza<\/strong>: le ayudamos a desafiar a sus proveedores de servicios y a tomar las mejores decisiones t\u00e9cnicas y econ\u00f3micas, a la vez que dimensionamos sus equipamientos seg\u00fan sus necesidades. Este apoyo tiene como objetivo garantizar el cumplimiento de la normativa actual o futura<\/li>\n<li><strong>Preservar su tesorer\u00eda<\/strong>: Gracias a nuestro equipo financiero, puede disponer de acuerdos contractuales adaptados a su situaci\u00f3n (desconsolidaci\u00f3n, empresa de proyectos, combinaci\u00f3n de primas y alquiler, etc.). Estos acuerdos le permiten acelerar el retorno de la inversi\u00f3n de sus operaciones, gestionar sus presupuestos de forma m\u00e1s flexible o desarrollar su parque en funci\u00f3n de sus limitaciones financieras y normativas<\/li>\n<li><strong>Gestionar el final de la vida \u00fatil de sus equipamientos a reemplazar<\/strong>: Despu\u00e9s de realizar un inventario de sus equipos, le ofrecemos un plan de recuperaci\u00f3n que optimiza la reutilizaci\u00f3n, el reciclaje o la recuperaci\u00f3n de materiales. Tambi\u00e9n organizamos el desmantelamiento, la clasificaci\u00f3n y la retirada de los equipos existentes, cuyo fin de vida se puede seguir en GreenFlexIQ.<\/li>\n<li><strong>Gesti\u00f3n de sus equipos de alto consumo energ\u00e9tico<\/strong>: puede gestionar toda su flota de equipos en tiempo real, disponer de una base de an\u00e1lisis (coste completo, an\u00e1lisis del ciclo de vida) y controlar sus compras, contratos y presupuestos de alquiler.<\/li>\n<\/ul>\n            \n                    <\/div>\n    <\/div>\n\n<\/section>\n\n\n\n<section id=\"disko-component-image-text-block_db5253f638e43c08278fcaead97e797d\" class=\"disko-component disko-component-image-text dark reversed\">\n    \n    <div class=\"image-text-wrapper\">\n        <div class=\"image-text-col\">\n              <div class=\"image-text-container \">\n                  <img width=\"1280\" height=\"853\" src=\"https:\/\/www.greenflex.com\/wp-content\/uploads\/2021\/07\/AMO-financement-GreenFlex.jpg\" class=\"image-text-image\" alt=\"Mujer sentada con la barbilla sobre las manos que mira a un ordenador\" decoding=\"async\" loading=\"lazy\" sizes=\"40vw,(max-width:480px) 80vw\" srcset=\"https:\/\/www.greenflex.com\/wp-content\/uploads\/2021\/07\/AMO-financement-GreenFlex.jpg 1280w, https:\/\/www.greenflex.com\/wp-content\/uploads\/2021\/07\/AMO-financement-GreenFlex-300x200.jpg 300w, https:\/\/www.greenflex.com\/wp-content\/uploads\/2021\/07\/AMO-financement-GreenFlex-768x512.jpg 768w, https:\/\/www.greenflex.com\/wp-content\/uploads\/2021\/07\/AMO-financement-GreenFlex-1024x682.jpg 1024w\" \/>              <\/div>\n        <\/div>\n        <div class=\"image-text-col text-container\">\n            <h2>Una experiencia multidisciplinar para apoyarle a lo largo de su proyecto<\/h2>\n<p>GreenFlex pone a su disposici\u00f3n su conocimiento multidisciplinar en materia asistencia para la direcci\u00f3n de obra para reforzar sus equipos t\u00e9cnicos y asesorarle, en materia de financiaci\u00f3n para permitirle financiar su proyecto sin perder efectivo y, por \u00faltimo, en materia de inteligencia de datos para medir y gestionar el rendimiento energ\u00e9tico de sus equipos.<\/p>\n<p>Y todo esto en 4 fases distintas:<\/p>\n<ul>\n<li><strong>Intercambio y recopilaci\u00f3n de informaci\u00f3n<\/strong>: realizamos un inventario de sus instalaciones y equipos consumidores de energ\u00eda para identificar sus usos y consumos energ\u00e9ticos<\/li>\n<li><strong>Despliegue de nuevos equipamientos<\/strong>: dimensionamos su proyecto lo m\u00e1s cerca posible de sus necesidades gracias a los estudios de viabilidad, y luego redactamos la expresi\u00f3n de sus necesidades. A continuaci\u00f3n, organizamos una consulta y analizamos las ofertas desde el punto de vista t\u00e9cnico y financiero. Tambi\u00e9n podemos asesorarle sobre las soluciones y los proveedores de servicios m\u00e1s adecuados. Por \u00faltimo, supervisamos el progreso del proyecto<\/li>\n<li><strong>Establecer un contrato de alquiler<\/strong>: GreenFlex financia su proyecto y le proporciona un contrato de alquiler de los equipos desplegados, adaptado a su duraci\u00f3n de uso, que no penaliza su capacidad de endeudamiento<\/li>\n<li><strong>Rendimiento energ\u00e9tico y gesti\u00f3n de equipos<\/strong>: la plataforma GreenFlexIQ le permite visualizar y gestionar su consumo de energ\u00eda y sus equipos multi-sitio<\/li>\n<\/ul>\n            \n                    <\/div>\n    <\/div>\n\n<\/section>\n\n\n\n<section id=\"disko-component-image-text-block_b744c9bdc49d4f52fd1ee44627f09134\" class=\"disko-component disko-component-image-text light \">\n    \n    <div class=\"image-text-wrapper\">\n        <div class=\"image-text-col\">\n              <div class=\"image-text-container \">\n                  <img width=\"1280\" height=\"853\" src=\"https:\/\/www.greenflex.com\/wp-content\/uploads\/2021\/11\/projets-energie-carbone-mise-oeuvre-greenflex.jpg\" class=\"image-text-image\" alt=\"Mujer con la piel morena portando un casco y gafas de proteccion sonrie\" decoding=\"async\" loading=\"lazy\" sizes=\"40vw,(max-width:480px) 80vw\" srcset=\"https:\/\/www.greenflex.com\/wp-content\/uploads\/2021\/11\/projets-energie-carbone-mise-oeuvre-greenflex.jpg 1280w, https:\/\/www.greenflex.com\/wp-content\/uploads\/2021\/11\/projets-energie-carbone-mise-oeuvre-greenflex-300x200.jpg 300w, https:\/\/www.greenflex.com\/wp-content\/uploads\/2021\/11\/projets-energie-carbone-mise-oeuvre-greenflex-768x512.jpg 768w, https:\/\/www.greenflex.com\/wp-content\/uploads\/2021\/11\/projets-energie-carbone-mise-oeuvre-greenflex-1024x682.jpg 1024w\" \/>              <\/div>\n        <\/div>\n        <div class=\"image-text-col text-container\">\n            <h2>La asistencia para la direcci\u00f3n de obra de GreenFlex le ayuda a mejorar su rendimiento energ\u00e9tico y medioambiental<\/h2>\n<p>Como asistente de gesti\u00f3n de proyectos, GreenFlex garantiza su independencia de todos los proveedores de servicios, instaladores y operadores para asesorarle y dimensionar su proyecto lo m\u00e1s cerca posible de sus necesidades y especificidades.<\/p>\n<p>\u00a1Desde 2009, GreenFlex le ofrece su experiencia en soluciones de financiaci\u00f3n y rendimiento energ\u00e9tico para gestionar su proyecto!<\/p>\n            \n                    <\/div>\n    <\/div>\n\n<\/section>\n\n\n\n<section id=\"disko-component-banner-block_a25735899094083683283e29789ff9c9\" class=\"disko-component disko-component-banner section-banner green\">\n    <div class=\"line-container\">\n        <svg width=\"100%\" height=\"100%\" viewBox=\"0 0 970 472\" aria-hidden=\"true\" preserveAspectRatio=\"xMinYMin meet\" xmlns=\"http:\/\/www.w3.org\/2000\/svg\"><path d=\"M410 471c-85 0-57.034-.598-123.517-.299S202 443 201.627 390.491V246.059c0-60.246-1.335-120.492-97.47-120.492-96.134 0-102.81 53.674-102.81 107.347 0 53.674 6.676 99.68 102.81 99.68 20.488 0 704.015.407 722.843.407 97 0 140-38 140.003-92.948 4.006-13.145 0-64.052 0-96.914C967.001 112.38 967 64.667 967 0\" stroke=\"#17FA73\" fill=\"none\" fill-rule=\"evenodd\"\/><\/svg>\n    <\/div>\n    <div class=\"banner-container\">\n        <div class=\"banner-title-container\">\n            <div class=\"banner-hover-title\">Nuestros equipos le ayudan<\/div>\n            <div class=\"cursor\" data-bg=\"\"><\/div>\n        <\/div>\n        <p>\n            Mejora su rendimiento energ\u00e9tico y medioambientale        <\/p>\n                    <a href=\"https:\/\/www.greenflex.com\/es\/contacto\/\" class=\"btn btn-white\">\n                <div class=\"btn-ico\">\n                    <svg aria-hidden=\"true\" width=\"18\" height=\"15\" xmlns=\"http:\/\/www.w3.org\/2000\/svg\" xmlns:xlink=\"http:\/\/www.w3.org\/1999\/xlink\"><defs><path d=\"M11.455 2.025c-.833.73-.972 1.483-.42 2.255l4.032 4.023H.854a.863.863 0 00-.848.875c0 .483.38.876.848.876h14.213l-3.752 4.026c-.8.88-.761 1.639.114 2.275l6.332-6.557a.859.859 0 00.245-.62.86.86 0 00-.245-.62l-6.306-6.533z\" id=\"a\"\/><\/defs><use class=\"arrow-color\" fill=\"#00A880\" transform=\"rotate(-20 6.17 8.69)\" xlink:href=\"#a\" fill-rule=\"evenodd\"\/><\/svg>\n                <\/div>\n               Cont\u00e1ctanos            <\/a>\n            <\/div>\n<\/section>\n","protected":false},"excerpt":{"rendered":"","protected":false},"author":3,"featured_media":2879,"parent":0,"menu_order":0,"comment_status":"closed","ping_status":"closed","template":"","meta":{"content-type":"","inline_featured_image":false},"sector_type":[],"offer_type":[],"acf":[],"yoast_head":"<!-- This site is optimized with the Yoast SEO Premium plugin v21.8 (Yoast SEO v21.8.1) - https:\/\/yoast.com\/wordpress\/plugins\/seo\/ -->\n<title>PMA y financiaci\u00f3n por su rendimiento energ\u00e9tico<\/title>\n<meta name=\"description\" content=\"Mejora su rendimiento energ\u00e9tico y consolida su renovaci\u00f3n energ\u00e9tica combinando financiaci\u00f3n y asistencia para la direcci\u00f3n de obra\" \/>\n<meta name=\"robots\" content=\"index, follow, max-snippet:-1, max-image-preview:large, max-video-preview:-1\" \/>\n<link rel=\"canonical\" href=\"https:\/\/www.greenflex.com\/es\/asistencia-y-financiacion-de-la-gestion-de-proyectos\/\" \/>\n<meta property=\"og:locale\" content=\"es_ES\" \/>\n<meta property=\"og:type\" content=\"article\" \/>\n<meta property=\"og:title\" content=\"Asistencia y financiaci\u00f3n de la gesti\u00f3n de proyectos\" \/>\n<meta property=\"og:description\" content=\"Mejora su rendimiento energ\u00e9tico y consolida su renovaci\u00f3n energ\u00e9tica combinando financiaci\u00f3n y asistencia para la direcci\u00f3n de obra\" \/>\n<meta property=\"og:url\" content=\"https:\/\/www.greenflex.com\/es\/asistencia-y-financiacion-de-la-gestion-de-proyectos\/\" \/>\n<meta property=\"og:site_name\" content=\"GreenFlex\" \/>\n<meta property=\"article:modified_time\" content=\"2024-12-09T15:50:18+00:00\" \/>\n<meta property=\"og:image\" content=\"https:\/\/greenflex-origin.greenshift.eu\/wp-content\/uploads\/2021\/07\/AMO-financement-GreenFlex.jpg\" \/>\n\t<meta property=\"og:image:width\" content=\"1280\" \/>\n\t<meta property=\"og:image:height\" content=\"853\" \/>\n\t<meta property=\"og:image:type\" content=\"image\/jpeg\" \/>\n<meta name=\"twitter:card\" content=\"summary_large_image\" \/>\n<meta name=\"twitter:site\" content=\"@GreenFlex\" \/>\n<meta name=\"twitter:label1\" content=\"Tiempo de lectura\" \/>\n\t<meta name=\"twitter:data1\" content=\"1 minuto\" \/>\n<script type=\"application\/ld+json\" class=\"yoast-schema-graph\">{\"@context\":\"https:\/\/schema.org\",\"@graph\":[{\"@type\":\"WebPage\",\"@id\":\"https:\/\/www.greenflex.com\/es\/asistencia-y-financiacion-de-la-gestion-de-proyectos\/\",\"url\":\"https:\/\/www.greenflex.com\/es\/asistencia-y-financiacion-de-la-gestion-de-proyectos\/\",\"name\":\"PMA y financiaci\u00f3n por su rendimiento energ\u00e9tico\",\"isPartOf\":{\"@id\":\"https:\/\/www.greenflex.com\/es\/#website\"},\"datePublished\":\"2022-10-17T09:25:47+00:00\",\"dateModified\":\"2024-12-09T15:50:18+00:00\",\"description\":\"Mejora su rendimiento energ\u00e9tico y consolida su renovaci\u00f3n energ\u00e9tica combinando financiaci\u00f3n y asistencia para la direcci\u00f3n de obra\",\"breadcrumb\":{\"@id\":\"https:\/\/www.greenflex.com\/es\/asistencia-y-financiacion-de-la-gestion-de-proyectos\/#breadcrumb\"},\"inLanguage\":\"es\",\"potentialAction\":[{\"@type\":\"ReadAction\",\"target\":[\"https:\/\/www.greenflex.com\/es\/asistencia-y-financiacion-de-la-gestion-de-proyectos\/\"]}]},{\"@type\":\"BreadcrumbList\",\"@id\":\"https:\/\/www.greenflex.com\/es\/asistencia-y-financiacion-de-la-gestion-de-proyectos\/#breadcrumb\",\"itemListElement\":[{\"@type\":\"ListItem\",\"position\":1,\"name\":\"GreenFlex\",\"item\":\"https:\/\/www.greenflex.com\/es\/\"},{\"@type\":\"ListItem\",\"position\":2,\"name\":\"Asistencia y financiaci\u00f3n de la gesti\u00f3n de proyectos\"}]},{\"@type\":\"WebSite\",\"@id\":\"https:\/\/www.greenflex.com\/es\/#website\",\"url\":\"https:\/\/www.greenflex.com\/es\/\",\"name\":\"GreenFlex\",\"description\":\"Changeons de trajectoire\",\"potentialAction\":[{\"@type\":\"SearchAction\",\"target\":{\"@type\":\"EntryPoint\",\"urlTemplate\":\"https:\/\/www.greenflex.com\/es\/?s={search_term_string}\"},\"query-input\":\"required name=search_term_string\"}],\"inLanguage\":\"es\"}]}<\/script>\n<!-- \/ Yoast SEO Premium plugin. -->","yoast_head_json":{"title":"PMA y financiaci\u00f3n por su rendimiento energ\u00e9tico","description":"Mejora su rendimiento energ\u00e9tico y consolida su renovaci\u00f3n energ\u00e9tica combinando financiaci\u00f3n y asistencia para la direcci\u00f3n de obra","robots":{"index":"index","follow":"follow","max-snippet":"max-snippet:-1","max-image-preview":"max-image-preview:large","max-video-preview":"max-video-preview:-1"},"canonical":"https:\/\/www.greenflex.com\/es\/asistencia-y-financiacion-de-la-gestion-de-proyectos\/","og_locale":"es_ES","og_type":"article","og_title":"Asistencia y financiaci\u00f3n de la gesti\u00f3n de proyectos","og_description":"Mejora su rendimiento energ\u00e9tico y consolida su renovaci\u00f3n energ\u00e9tica combinando financiaci\u00f3n y asistencia para la direcci\u00f3n de obra","og_url":"https:\/\/www.greenflex.com\/es\/asistencia-y-financiacion-de-la-gestion-de-proyectos\/","og_site_name":"GreenFlex","article_modified_time":"2024-12-09T15:50:18+00:00","og_image":[{"width":1280,"height":853,"url":"https:\/\/greenflex-origin.greenshift.eu\/wp-content\/uploads\/2021\/07\/AMO-financement-GreenFlex.jpg","type":"image\/jpeg"}],"twitter_card":"summary_large_image","twitter_site":"@GreenFlex","twitter_misc":{"Tiempo de lectura":"1 minuto"},"schema":{"@context":"https:\/\/schema.org","@graph":[{"@type":"WebPage","@id":"https:\/\/www.greenflex.com\/es\/asistencia-y-financiacion-de-la-gestion-de-proyectos\/","url":"https:\/\/www.greenflex.com\/es\/asistencia-y-financiacion-de-la-gestion-de-proyectos\/","name":"PMA y financiaci\u00f3n por su rendimiento energ\u00e9tico","isPartOf":{"@id":"https:\/\/www.greenflex.com\/es\/#website"},"datePublished":"2022-10-17T09:25:47+00:00","dateModified":"2024-12-09T15:50:18+00:00","description":"Mejora su rendimiento energ\u00e9tico y consolida su renovaci\u00f3n energ\u00e9tica combinando financiaci\u00f3n y asistencia para la direcci\u00f3n de obra","breadcrumb":{"@id":"https:\/\/www.greenflex.com\/es\/asistencia-y-financiacion-de-la-gestion-de-proyectos\/#breadcrumb"},"inLanguage":"es","potentialAction":[{"@type":"ReadAction","target":["https:\/\/www.greenflex.com\/es\/asistencia-y-financiacion-de-la-gestion-de-proyectos\/"]}]},{"@type":"BreadcrumbList","@id":"https:\/\/www.greenflex.com\/es\/asistencia-y-financiacion-de-la-gestion-de-proyectos\/#breadcrumb","itemListElement":[{"@type":"ListItem","position":1,"name":"GreenFlex","item":"https:\/\/www.greenflex.com\/es\/"},{"@type":"ListItem","position":2,"name":"Asistencia y financiaci\u00f3n de la gesti\u00f3n de proyectos"}]},{"@type":"WebSite","@id":"https:\/\/www.greenflex.com\/es\/#website","url":"https:\/\/www.greenflex.com\/es\/","name":"GreenFlex","description":"Changeons de trajectoire","potentialAction":[{"@type":"SearchAction","target":{"@type":"EntryPoint","urlTemplate":"https:\/\/www.greenflex.com\/es\/?s={search_term_string}"},"query-input":"required name=search_term_string"}],"inLanguage":"es"}]}},"_links":{"self":[{"href":"https:\/\/www.greenflex.com\/es\/wp-json\/wp\/v2\/pages\/10455"}],"collection":[{"href":"https:\/\/www.greenflex.com\/es\/wp-json\/wp\/v2\/pages"}],"about":[{"href":"https:\/\/www.greenflex.com\/es\/wp-json\/wp\/v2\/types\/page"}],"author":[{"embeddable":true,"href":"https:\/\/www.greenflex.com\/es\/wp-json\/wp\/v2\/users\/3"}],"replies":[{"embeddable":true,"href":"https:\/\/www.greenflex.com\/es\/wp-json\/wp\/v2\/comments?post=10455"}],"version-history":[{"count":7,"href":"https:\/\/www.greenflex.com\/es\/wp-json\/wp\/v2\/pages\/10455\/revisions"}],"predecessor-version":[{"id":19080,"href":"https:\/\/www.greenflex.com\/es\/wp-json\/wp\/v2\/pages\/10455\/revisions\/19080"}],"wp:featuredmedia":[{"embeddable":true,"href":"https:\/\/www.greenflex.com\/es\/wp-json\/wp\/v2\/media\/2879"}],"wp:attachment":[{"href":"https:\/\/www.greenflex.com\/es\/wp-json\/wp\/v2\/media?parent=10455"}],"wp:term":[{"taxonomy":"sector_type","embeddable":true,"href":"https:\/\/www.greenflex.com\/es\/wp-json\/wp\/v2\/sector_type?post=10455"},{"taxonomy":"offer_type","embeddable":true,"href":"https:\/\/www.greenflex.com\/es\/wp-json\/wp\/v2\/offer_type?post=10455"}],"curies":[{"name":"wp","href":"https:\/\/api.w.org\/{rel}","templated":true}]}}